{"id":22,"date":"2015-07-22T13:37:28","date_gmt":"2015-07-22T11:37:28","guid":{"rendered":"http:\/\/marinadeigreci.it\/?page_id=22"},"modified":"2022-12-02T18:05:38","modified_gmt":"2022-12-02T17:05:38","slug":"dove-siamo","status":"publish","type":"page","link":"https:\/\/marinadeigreci.it\/it\/dove-siamo\/","title":{"rendered":"Dove Siamo"},"content":{"rendered":"<hr \/>\n\n<h3 style=\"text-align: center;\">Dove siamo<\/h3>\n<p>&nbsp;<\/p>\n<p style=\"text-align: center;\"><strong>Marina dei Greci<\/strong><br \/>\nVia Calcide Eubea 23\/25<br \/>\n98035 &#8211; Giardini Naxos (ME).<\/p>\n\n\n<h2 style=\"text-align: left;\">Come raggiungerci<\/h2>\n<p>&nbsp;<\/p>\n<h3>In automobile<\/h3>\n<p>Autostrada A18 Messina-Catania, <a href=\"https:\/\/goo.gl\/maps\/41zdRXBh6tB2\" target=\"_blank\" rel=\"noopener noreferrer\"><strong><em>uscita Giardini Naxos<\/em><\/strong><\/a>.<\/p>\n<h3>In aereo<\/h3>\n<p>L&#8217;aeroporto di Catania Fontanarossa (CTA) \u00e8 il pi\u00f9 vicino e conveniente aeroporto da Giardini-Naxos. Distante circa 55 km \u00e8 collegato, tramite voli diretti, con le principali citt\u00e0 italiane come Milano, Roma, Napoli e Venezia, e con molte citt\u00e0 europee ed internazionali. E&#8217; possibile noleggiare un&#8217;automobile presso il parcheggio antistante l&#8217;aeroporto. Tutte le maggiori compagnie di noleggio sono presenti (<span style=\"color: #003366;\"><a style=\"color: #003366;\" href=\"https:\/\/www.sixt.it\/autonoleggio\/italia\/catania\/\">SIXT<\/a><\/span>, Avis, Hertz, Maggiore, Auto Europa). In alternativa \u00e8 possibile utilizzare un servizio Taxi. <a href=\"https:\/\/goo.gl\/maps\/zZLQKCMvh7B2\" target=\"_blank\" rel=\"noopener noreferrer\"><strong><em>Dall&#8217;aeroporto \u00e8 possibile raggiungere Giardini Naxos in circa un&#8217;ora<\/em><\/strong><\/a>, percorrendo l&#8217;autostrada A18 in direzione Messina, uscendo al casello Giardini-Naxos.<\/p>\n<h3>In treno<\/h3>\n<p><a href=\"https:\/\/goo.gl\/maps\/4JTrywdJdfP2\" target=\"_blank\" rel=\"noopener noreferrer\"><em><strong>La stazione ferroviaria di Taormina<\/strong><\/em><\/a> \u00e8 considerata una delle pi\u00f9 belle d&#8217;Italia, grazie al suo elegante stile liberty siciliano. Ogni treno che arriva dal nord Italia fa tappa in questa stazione. C&#8217;\u00e8 un&#8217;ampia scelta di treni, dal veloce e lussuoso &#8220;<span style=\"color: #003366;\"><strong><a style=\"color: #003366;\" href=\"https:\/\/www.thetrainline.com\/it\" target=\"_blank\" rel=\"noopener\">Trainline<\/a><\/strong><\/span>&#8221; o\u00a0 &#8220;Eurostar&#8221; al semplice ma efficiente &#8220;Espresso&#8221;; essi normalmente partono da Milano, Torino e Roma, passando per Napoli e l&#8217;area di Amalfi e Capri. Vi invitiamo a controllare gli orari dal sito delle ferrovie dello stato o contattare le compagnie di trasporto per ricevere maggiori informazioni.<\/p>\n<h3>In autobus<\/h3>\n<p>Autobus da Messina, Catania, Catania Aeroporto. Vi invitiamo a contattare le compagnie di trasporto per ricevere maggiori informazioni.<\/p>\n\n<p><img decoding=\"async\" src=\"https:\/\/marinadeigreci.it\/wp-content\/uploads\/2015\/08\/DSC3384-300x200.jpg\" alt=\"\" \/><\/p>\n<h2>Map<\/h2>\n<p><iframe loading=\"lazy\" style=\"border: 0;\" src=\"https:\/\/www.google.com\/maps\/embed?pb=!1m18!1m12!1m3!1d3151.6347682773826!2d15.274391!3d37.822023!2m3!1f0!2f0!3f0!3m2!1i1024!2i768!4f13.1!3m3!1m2!1s0x131411d6e7dd55b7%3A0xbe8575caea97cc39!2sVia+Calcide+Eubea%2C+23%2C+98035+Giardini+Naxos+ME!5e0!3m2!1sit!2sit!4v1437995656931\" width=\"100%\" height=\"360\" frameborder=\"0\" allowfullscreen=\"allowfullscreen\" data-mce-fragment=\"1\"><\/iframe>","protected":false},"excerpt":{"rendered":"<p>Dove siamo &nbsp; Marina dei Greci Via Calcide Eubea 23\/25 98035 &#8211; Giardini Naxos (ME). Come raggiungerci &nbsp; In automobile Autostrada A18 Messina-Catania, uscita Giardini Naxos. In aereo L&#8217;aeroporto di&hellip; <a class=\"read-more-link\" href=\"https:\/\/marinadeigreci.it\/it\/dove-siamo\/\">Leggi di pi\u00f9<\/a><\/p>\n","protected":false},"author":1,"featured_media":0,"parent":0,"menu_order":0,"comment_status":"closed","ping_status":"closed","template":"","meta":{"footnotes":""},"class_list":["post-22","page","type-page","status-publish","hentry"],"yoast_head":"<!-- This site is optimized with the Yoast SEO plugin v27.4 - https:\/\/yoast.com\/product\/yoast-seo-wordpress\/ -->\n<title>Dove siamo - Marina dei Greci - Villa for rent in Taormina, Sicily IT.<\/title>\n<meta name=\"description\" content=\"Dove siamo Marina dei Greci, Via Calcide Eubea 23\/25 - 98035 Giardini Naxos (ME). Puoi raggiungere la nostra localit\u00e0 in auto, in autobus, in treno e in aereo.\" \/>\n<meta name=\"robots\" content=\"index, follow, max-snippet:-1, max-image-preview:large, max-video-preview:-1\" \/>\n<link rel=\"canonical\" href=\"https:\/\/marinadeigreci.it\/dove-siamo\/\" \/>\n<meta property=\"og:locale\" content=\"it_IT\" \/>\n<meta property=\"og:type\" content=\"article\" \/>\n<meta property=\"og:title\" content=\"[:it]Dove siamo - Marina dei Greci - Villa for rent in Taormina, Sicily IT.[:]\" \/>\n<meta property=\"og:description\" content=\"{:it}Dove siamo Marina dei Greci, Via Calcide Eubea 23\/25 - 98035 Giardini Naxos (ME). Puoi raggiungere la nostra localit\u00e0 in auto, in autobus, in treno e in aereo.{:}\" \/>\n<meta property=\"og:url\" content=\"https:\/\/marinadeigreci.it\/dove-siamo\/\" \/>\n<meta property=\"og:site_name\" content=\"Marina dei Greci\" \/>\n<meta property=\"article:publisher\" content=\"https:\/\/www.facebook.com\/MarinadeiGreci\" \/>\n<meta property=\"article:modified_time\" content=\"2022-12-02T17:05:38+00:00\" \/>\n<meta property=\"og:image\" content=\"https:\/\/marinadeigreci.it\/wp-content\/uploads\/2015\/08\/DSC3384-300x200.jpg\" \/>\n<meta name=\"twitter:card\" content=\"summary_large_image\" \/>\n<meta name=\"twitter:label1\" content=\"Tempo di lettura stimato\" \/>\n\t<meta name=\"twitter:data1\" content=\"2 minuti\" \/>\n<script type=\"application\/ld+json\" class=\"yoast-schema-graph\">{\"@context\":\"https:\\\/\\\/schema.org\",\"@graph\":[{\"@type\":\"WebPage\",\"@id\":\"https:\\\/\\\/marinadeigreci.it\\\/dove-siamo\\\/\",\"url\":\"https:\\\/\\\/marinadeigreci.it\\\/dove-siamo\\\/\",\"name\":\"[:it]Dove siamo - Marina dei Greci - Villa for rent in Taormina, Sicily IT.[:]\",\"isPartOf\":{\"@id\":\"https:\\\/\\\/marinadeigreci.it\\\/it\\\/#website\"},\"primaryImageOfPage\":{\"@id\":\"https:\\\/\\\/marinadeigreci.it\\\/dove-siamo\\\/#primaryimage\"},\"image\":{\"@id\":\"https:\\\/\\\/marinadeigreci.it\\\/dove-siamo\\\/#primaryimage\"},\"thumbnailUrl\":\"https:\\\/\\\/marinadeigreci.it\\\/wp-content\\\/uploads\\\/2015\\\/08\\\/DSC3384-300x200.jpg\",\"datePublished\":\"2015-07-22T11:37:28+00:00\",\"dateModified\":\"2022-12-02T17:05:38+00:00\",\"description\":\"{:it}Dove siamo Marina dei Greci, Via Calcide Eubea 23\\\/25 - 98035 Giardini Naxos (ME). Puoi raggiungere la nostra localit\u00e0 in auto, in autobus, in treno e in aereo.{:}\",\"breadcrumb\":{\"@id\":\"https:\\\/\\\/marinadeigreci.it\\\/dove-siamo\\\/#breadcrumb\"},\"inLanguage\":\"it-IT\",\"potentialAction\":[{\"@type\":\"ReadAction\",\"target\":[\"https:\\\/\\\/marinadeigreci.it\\\/dove-siamo\\\/\"]}]},{\"@type\":\"ImageObject\",\"inLanguage\":\"it-IT\",\"@id\":\"https:\\\/\\\/marinadeigreci.it\\\/dove-siamo\\\/#primaryimage\",\"url\":\"https:\\\/\\\/marinadeigreci.it\\\/wp-content\\\/uploads\\\/2015\\\/08\\\/DSC3384-300x200.jpg\",\"contentUrl\":\"https:\\\/\\\/marinadeigreci.it\\\/wp-content\\\/uploads\\\/2015\\\/08\\\/DSC3384-300x200.jpg\"},{\"@type\":\"BreadcrumbList\",\"@id\":\"https:\\\/\\\/marinadeigreci.it\\\/dove-siamo\\\/#breadcrumb\",\"itemListElement\":[{\"@type\":\"ListItem\",\"position\":1,\"name\":\"Home\",\"item\":\"https:\\\/\\\/marinadeigreci.it\\\/\"},{\"@type\":\"ListItem\",\"position\":2,\"name\":\"Dove Siamo\"}]},{\"@type\":\"WebSite\",\"@id\":\"https:\\\/\\\/marinadeigreci.it\\\/it\\\/#website\",\"url\":\"https:\\\/\\\/marinadeigreci.it\\\/it\\\/\",\"name\":\"Marina dei Greci\",\"description\":\"Taormina\",\"potentialAction\":[{\"@type\":\"SearchAction\",\"target\":{\"@type\":\"EntryPoint\",\"urlTemplate\":\"https:\\\/\\\/marinadeigreci.it\\\/it\\\/?s={search_term_string}\"},\"query-input\":{\"@type\":\"PropertyValueSpecification\",\"valueRequired\":true,\"valueName\":\"search_term_string\"}}],\"inLanguage\":\"it-IT\"}]}<\/script>\n<!-- \/ Yoast SEO plugin. -->","yoast_head_json":{"title":"Dove siamo - Marina dei Greci - Villa for rent in Taormina, Sicily IT.","description":"Dove siamo Marina dei Greci, Via Calcide Eubea 23\/25 - 98035 Giardini Naxos (ME). Puoi raggiungere la nostra localit\u00e0 in auto, in autobus, in treno e in aereo.","robots":{"index":"index","follow":"follow","max-snippet":"max-snippet:-1","max-image-preview":"max-image-preview:large","max-video-preview":"max-video-preview:-1"},"canonical":"https:\/\/marinadeigreci.it\/dove-siamo\/","og_locale":"it_IT","og_type":"article","og_title":"[:it]Dove siamo - Marina dei Greci - Villa for rent in Taormina, Sicily IT.[:]","og_description":"{:it}Dove siamo Marina dei Greci, Via Calcide Eubea 23\/25 - 98035 Giardini Naxos (ME). Puoi raggiungere la nostra localit\u00e0 in auto, in autobus, in treno e in aereo.{:}","og_url":"https:\/\/marinadeigreci.it\/dove-siamo\/","og_site_name":"Marina dei Greci","article_publisher":"https:\/\/www.facebook.com\/MarinadeiGreci","article_modified_time":"2022-12-02T17:05:38+00:00","og_image":[{"url":"https:\/\/marinadeigreci.it\/wp-content\/uploads\/2015\/08\/DSC3384-300x200.jpg","type":"","width":"","height":""}],"twitter_card":"summary_large_image","twitter_misc":{"Tempo di lettura stimato":"2 minuti"},"schema":{"@context":"https:\/\/schema.org","@graph":[{"@type":"WebPage","@id":"https:\/\/marinadeigreci.it\/dove-siamo\/","url":"https:\/\/marinadeigreci.it\/dove-siamo\/","name":"[:it]Dove siamo - Marina dei Greci - Villa for rent in Taormina, Sicily IT.[:]","isPartOf":{"@id":"https:\/\/marinadeigreci.it\/it\/#website"},"primaryImageOfPage":{"@id":"https:\/\/marinadeigreci.it\/dove-siamo\/#primaryimage"},"image":{"@id":"https:\/\/marinadeigreci.it\/dove-siamo\/#primaryimage"},"thumbnailUrl":"https:\/\/marinadeigreci.it\/wp-content\/uploads\/2015\/08\/DSC3384-300x200.jpg","datePublished":"2015-07-22T11:37:28+00:00","dateModified":"2022-12-02T17:05:38+00:00","description":"{:it}Dove siamo Marina dei Greci, Via Calcide Eubea 23\/25 - 98035 Giardini Naxos (ME). Puoi raggiungere la nostra localit\u00e0 in auto, in autobus, in treno e in aereo.{:}","breadcrumb":{"@id":"https:\/\/marinadeigreci.it\/dove-siamo\/#breadcrumb"},"inLanguage":"it-IT","potentialAction":[{"@type":"ReadAction","target":["https:\/\/marinadeigreci.it\/dove-siamo\/"]}]},{"@type":"ImageObject","inLanguage":"it-IT","@id":"https:\/\/marinadeigreci.it\/dove-siamo\/#primaryimage","url":"https:\/\/marinadeigreci.it\/wp-content\/uploads\/2015\/08\/DSC3384-300x200.jpg","contentUrl":"https:\/\/marinadeigreci.it\/wp-content\/uploads\/2015\/08\/DSC3384-300x200.jpg"},{"@type":"BreadcrumbList","@id":"https:\/\/marinadeigreci.it\/dove-siamo\/#breadcrumb","itemListElement":[{"@type":"ListItem","position":1,"name":"Home","item":"https:\/\/marinadeigreci.it\/"},{"@type":"ListItem","position":2,"name":"Dove Siamo"}]},{"@type":"WebSite","@id":"https:\/\/marinadeigreci.it\/it\/#website","url":"https:\/\/marinadeigreci.it\/it\/","name":"Marina dei Greci","description":"Taormina","potentialAction":[{"@type":"SearchAction","target":{"@type":"EntryPoint","urlTemplate":"https:\/\/marinadeigreci.it\/it\/?s={search_term_string}"},"query-input":{"@type":"PropertyValueSpecification","valueRequired":true,"valueName":"search_term_string"}}],"inLanguage":"it-IT"}]}},"jetpack_sharing_enabled":true,"jetpack_shortlink":"https:\/\/wp.me\/P9LZKQ-m","jetpack-related-posts":[{"id":970,"url":"https:\/\/marinadeigreci.it\/it\/dove-siamo-svedese-dar-vi-ar\/","url_meta":{"origin":22,"position":0},"title":"Dove Siamo (Svedese: d\u00e4r vi \u00e4r )","author":"admin","date":"17 giugno 2017","format":false,"excerpt":"[vc_row full_width=\"stretch_row_content_no_spaces\"][vc_column][vc_column_text] Marina dei Greci, Via Calcide Eubea 23\/25 98035 - Giardini Naxos (ME). [\/vc_column_text][vc_separator][vc_column_text] Att ta sig dit [\/vc_column_text][\/vc_column][\/vc_row][vc_row][vc_column width=\"1\/2\"][vc_tta_accordion][vc_tta_section i_icon_fontawesome=\"fa fa-car\" add_icon=\"true\" title=\"Med bil\" tab_id=\"1497002075296-f1f92224-28ee\"][vc_column_text]A18 Messina-Catania, avfart vid Giardini Naxos.[\/vc_column_text][\/vc_tta_section][vc_tta_section i_icon_fontawesome=\"fa fa-plane\" add_icon=\"true\" title=\"Med flyg\" tab_id=\"1497002075353-5d23c52b-e2e4\"][vc_column_text]Flygplatsen i Catania Fontana (CTA) \u00e4r den n\u00e4rmaste och bekv\u00e4mt flygplatsen fr\u00e5n Giardini-Naxos.\u2026","rel":"","context":"Articolo simile","block_context":{"text":"Articolo simile","link":""},"img":{"alt_text":"","src":"","width":0,"height":0},"classes":[]},{"id":1535,"url":"https:\/\/marinadeigreci.it\/it\/","url_meta":{"origin":22,"position":1},"title":"Home","author":"admin","date":" 9 marzo 2018","format":false,"excerpt":"Luxury Villa A Taormina MARE - MARINA DEI GRECI\u00a0 \u00a0 \u00a0 \u00a0 \u00a0 \u00a0 \u00a0 \u00a0 \u00a0 \u00a0 \u00a0 \u00a0 \u00a0 \u00a0 \u00a0 \u00a0 \u00a0 \u00a0 \u00a0 \u00a0 \u00a0 \u00a0 \u00a0 \u00a0 \u00a0 \u00a0 \u00a0 \u00a0 \u00a0 \u00a0 \u00a0 \u00a0 \u00a0 \u00a0 \u00a0 \u00a0 \u00a0 \u00a0 \u00a0 \u00a0 \u00a0licenza CIR\u2026","rel":"","context":"Articolo simile","block_context":{"text":"Articolo simile","link":""},"img":{"alt_text":"","src":"https:\/\/i0.wp.com\/marinadeigreci.it\/wp-content\/uploads\/2015\/08\/DSC3383.jpg?resize=350%2C200&ssl=1","width":350,"height":200,"srcset":"https:\/\/i0.wp.com\/marinadeigreci.it\/wp-content\/uploads\/2015\/08\/DSC3383.jpg?resize=350%2C200&ssl=1 1x, https:\/\/i0.wp.com\/marinadeigreci.it\/wp-content\/uploads\/2015\/08\/DSC3383.jpg?resize=525%2C300&ssl=1 1.5x, https:\/\/i0.wp.com\/marinadeigreci.it\/wp-content\/uploads\/2015\/08\/DSC3383.jpg?resize=700%2C400&ssl=1 2x, https:\/\/i0.wp.com\/marinadeigreci.it\/wp-content\/uploads\/2015\/08\/DSC3383.jpg?resize=1050%2C600&ssl=1 3x, https:\/\/i0.wp.com\/marinadeigreci.it\/wp-content\/uploads\/2015\/08\/DSC3383.jpg?resize=1400%2C800&ssl=1 4x"},"classes":[]},{"id":79,"url":"https:\/\/marinadeigreci.it\/it\/info\/","url_meta":{"origin":22,"position":2},"title":"Info","author":"admin","date":"27 luglio 2015","format":false,"excerpt":"Informazioni\u00a0GeneraliVilla Marina dei Greci, via Calcide Eubea 23\/25 \u2013 CAP 98035 \u2013 Giardini Naxos (ME).La Villa viene concessa in locazione esclusivamente per finalit\u00e0 turistiche - locazione pura priva di servizi - \u201cex articolo 1, comma II, lettera c), della legge italiana n.431\/ 98\u201d, ed il contratto di locazione \u00e8 regolato\u2026","rel":"","context":"Articolo simile","block_context":{"text":"Articolo simile","link":""},"img":{"alt_text":"","src":"https:\/\/i0.wp.com\/marinadeigreci.it\/wp-content\/uploads\/2015\/07\/dot.png?resize=350%2C200","width":350,"height":200},"classes":[]},{"id":25,"url":"https:\/\/marinadeigreci.it\/it\/contattaci\/","url_meta":{"origin":22,"position":3},"title":"Contattaci","author":"admin","date":"22 luglio 2015","format":false,"excerpt":"MARINA DEI GRECI, lussuosa villa in affitto a Giardini Naxos, con accesso diretto al mare, piscina e vista mare La villa Marina dei Greci \u00e8 situata a Giardini Naxos, in una zona esclusiva e riservata, ed \u00e8 fornita di accesso diretto a mare. La villa ha uno stile semplice ed\u2026","rel":"","context":"Articolo simile","block_context":{"text":"Articolo simile","link":""},"img":{"alt_text":"","src":"","width":0,"height":0},"classes":[]},{"id":18,"url":"https:\/\/marinadeigreci.it\/it\/marinadeigreci\/","url_meta":{"origin":22,"position":4},"title":"Marina dei Greci","author":"admin","date":"22 luglio 2015","format":false,"excerpt":"\u00a0 Costruita nella seconda met\u00e0 del secolo scorso, la villa fu la residenza estiva della nobildonna Grazia Masaracchio, discendente da Giorgio Castriota Scanderbeg, eroico combattente del 1400. Dotata di grande personalit\u00e0, lei stessa disegn\u00f2 il progetto della villa, incastonata nel golfo dell\u2019antica colonia greca di Naxos, sulle rocce nere che\u2026","rel":"","context":"Articolo simile","block_context":{"text":"Articolo simile","link":""},"img":{"alt_text":"","src":"https:\/\/i0.wp.com\/marinadeigreci.it\/wp-content\/uploads\/2015\/08\/DSC3532.jpg?resize=350%2C200&ssl=1","width":350,"height":200,"srcset":"https:\/\/i0.wp.com\/marinadeigreci.it\/wp-content\/uploads\/2015\/08\/DSC3532.jpg?resize=350%2C200&ssl=1 1x, https:\/\/i0.wp.com\/marinadeigreci.it\/wp-content\/uploads\/2015\/08\/DSC3532.jpg?resize=525%2C300&ssl=1 1.5x, https:\/\/i0.wp.com\/marinadeigreci.it\/wp-content\/uploads\/2015\/08\/DSC3532.jpg?resize=700%2C400&ssl=1 2x, https:\/\/i0.wp.com\/marinadeigreci.it\/wp-content\/uploads\/2015\/08\/DSC3532.jpg?resize=1050%2C600&ssl=1 3x, https:\/\/i0.wp.com\/marinadeigreci.it\/wp-content\/uploads\/2015\/08\/DSC3532.jpg?resize=1400%2C800&ssl=1 4x"},"classes":[]},{"id":118,"url":"https:\/\/marinadeigreci.it\/it\/la-villa\/","url_meta":{"origin":22,"position":5},"title":"La Villa","author":"admin","date":"28 luglio 2015","format":false,"excerpt":"La villaLa villa \u00e8 stata recentemente ristrutturata, mantenendo lo stile originale sapientemente alleggerito e reinterpretato in chiave moderna.La villa \u00e8 strutturata su tre livelli.Al livello della piscina, vi \u00e8 un elegante ed ampio salone dai colori chiari e rilassanti con vista sul mare, con comoda cucina e ampia sala da\u2026","rel":"","context":"Articolo simile","block_context":{"text":"Articolo simile","link":""},"img":{"alt_text":"","src":"https:\/\/i0.wp.com\/marinadeigreci.it\/wp-content\/uploads\/2015\/07\/239LC-300x200.jpg?resize=350%2C200&ssl=1","width":350,"height":200},"classes":[]}],"_links":{"self":[{"href":"https:\/\/marinadeigreci.it\/it\/wp-json\/wp\/v2\/pages\/22","targetHints":{"allow":["GET"]}}],"collection":[{"href":"https:\/\/marinadeigreci.it\/it\/wp-json\/wp\/v2\/pages"}],"about":[{"href":"https:\/\/marinadeigreci.it\/it\/wp-json\/wp\/v2\/types\/page"}],"author":[{"embeddable":true,"href":"https:\/\/marinadeigreci.it\/it\/wp-json\/wp\/v2\/users\/1"}],"replies":[{"embeddable":true,"href":"https:\/\/marinadeigreci.it\/it\/wp-json\/wp\/v2\/comments?post=22"}],"version-history":[{"count":60,"href":"https:\/\/marinadeigreci.it\/it\/wp-json\/wp\/v2\/pages\/22\/revisions"}],"predecessor-version":[{"id":2292,"href":"https:\/\/marinadeigreci.it\/it\/wp-json\/wp\/v2\/pages\/22\/revisions\/2292"}],"wp:attachment":[{"href":"https:\/\/marinadeigreci.it\/it\/wp-json\/wp\/v2\/media?parent=22"}],"curies":[{"name":"wp","href":"https:\/\/api.w.org\/{rel}","templated":true}]}}