{"id":79,"date":"2015-07-27T13:24:50","date_gmt":"2015-07-27T11:24:50","guid":{"rendered":"http:\/\/marinadeigreci.it\/?page_id=79"},"modified":"2018-05-27T23:33:47","modified_gmt":"2018-05-27T21:33:47","slug":"info","status":"publish","type":"page","link":"https:\/\/marinadeigreci.it\/it\/info\/","title":{"rendered":"Info"},"content":{"rendered":"<hr>\n<hr>\n\n<h2><strong>Informazioni\u00a0Generali<\/strong><\/h2>\n<p>Villa <strong>Marina dei Greci<\/strong>, via Calcide Eubea 23\/25 \u2013 CAP 98035 \u2013 Giardini Naxos (ME).<br \/>La Villa viene concessa in locazione esclusivamente per finalit\u00e0 turistiche &#8211; locazione pura priva di servizi &#8211; \u201cex articolo 1, comma II, lettera c), della legge italiana n.431\/ 98\u201d, ed il contratto di locazione \u00e8 regolato dagli articoli 1571 e seguenti del Codice Civile Italiano.<\/p>\n<p><strong>LOCAZIONE MINIMA<br \/><\/strong>Da\u00a05 a 7 notti, come\u00a0previsto\u00a0nelle diverse stagionalit\u00e0 di locazione.<\/p>\n<p><strong>CHECK-IN<\/strong>\u00a0tra\u00a0le\u00a0ore\u00a017:00 e le ore\u00a021:00<br \/><strong>CHECK-OUT<\/strong> tra\u00a0le\u00a0ore 8:00 e le ore 10:00<\/p>\n<p><strong>AREA INTERNA<\/strong>\u00a0350 mq<br \/>POSTI LETTO: 13<br \/>CAMERE LETTO: 7<br \/>BAGNI: 7<br \/>LAVANDERIA CON BAGNO: 1<br \/>AREA FITNESS\/BENESSERE: 1<\/p>\n<p><strong>AREA ESTERNA<\/strong>\u00a0750 mq<br \/>PISCINA: 1<br \/>ESTERNI: Giardino, solarium attrezzato\u00a0con\u00a0ombrelli, tavoli\u00a0e\u00a0sedie<br \/>ARREDO: curato\u00a0e\u00a0confortevole<br \/>PARCHEGGIO: 2<\/p>\n<p><strong>WI-FI: Aree interne ed esterne<\/strong><\/p>\n<div class=\"vc_tta-tabs-container\"><\/div>\n<p><\/p>\n<div class=\"su-spoiler-content su-clearfix\" style=\"text-align: left;\"><\/div>\n\n\n<h2>Livello Mare<\/h2>\n<p>Salotto, 1 camera matrimoniale (letto king size) con bagno-doccia in camera, 1 camera matrimoniale (letto king size), 1 camera matrimoniale (senza finestra), 1 bagno-doccia, area wellness\/fitness (piccola palestra, doccia emozionale, sala massaggi, bagno), terrazza\/solarium fronte mare.<\/p>\n<h2>Piano Terra<\/h2>\n<p>Ampio soggiorno, sala da pranzo, cucina, 1 bagno, terrazza con zona pranzo esterna vista mare.<\/p>\n<h2>Primo Piano<\/h2>\n<p>1 camera matrimoniale (letto king size) con bagno-doccia e vasca in camera, 1 camera matrimoniale (letto king size) con bagno-doccia in camera, 1 camera matrimoniale, 1 bagno-doccia, 1 camera singola con bagno-doccia in camera.<\/p>\n<h2>Esterno<\/h2>\n<p>Veranda, terrazze, giardino, piscina, solarium. TIPOLOGIA:villa. POSIZIONE: accesso diretto a mare. AREA COPERTA: mq 350. AREA ESTERNA: mq 750.<\/p>\n\n\n<h2 style=\"text-align: center;\">Servizi<\/h2>\n\n<p style= \"color: #50484;\">Cucina\n\n<\/p>\n<h4>CUCINA<\/h4>\n<p>Cucina attrezzata con corredo completo di stoviglie (per 12 persone) e utensili da cucina; Microonde; Frigoriferi (Nr. 2); Lavastoviglie; Forni (Nr. 1 elettrico); Fornelli cucina (Nr. 4 gas); Macchina caff\u00e9 americano (Nr.2); Macchina caff\u00e8 espresso con capsule (Nr.2); Macchina del ghiaccio (Nr.1); Tostapane; Barbecue.<\/p>\n\n<p style= \"color: #50484;\">Pulizia\n\n<\/p>\n<h4>PULIZIA PER LA CASA E LA PERSONA<\/h4>\n<p>Ferro e asse da stiro; asciugacapelli (Nr. 6); Lavatrice; doccia esterna (Nr. 2).<\/p>\n\n<p style= \"color: #50484;\">Media\n\n<\/p>\n<h4>MEDIA E CONNESSIONI<\/h4>\n<p>TV color (Nr. 2 con TV digitale terrestre e canali Sat in chiaro su Hotbird 13\u00b0est); Impianto HI-FI compatto con lettore CD (Nr. 3); Lettore Dvd\/Blu-Ray (Nr.2); Router per connessione Internet e hot spot per Wi-fi.<\/p>\n\n<p style= \"color: #50484;\">Sicurezza\n\n<h4>SICUREZZA<\/h4>\n<p>Cassaforte (Nr. 2); impianto antifurto.<\/p>\n\n<\/p>\n<p style= \"color: #50484;\">Bambini\n\n<h4>BAMBINI<\/h4>\n<p>Seggiolone<\/p>\n\n<p style= \"color: #50484;\">Riscaldamento\n\n<h4>RISCALDAMENTO E ARIA CONDIZIONATA<\/h4>\n<p>Pompe di calore (split singoli e canalizzati Nr. split e localizzazione: in tutte le camere da letto e zone comuni principali); aria condizionata (split singoli e canalizzati Nr. split e localizzazione: in tutte le camere da letto e zone comuni principali).<\/p>\n\n<p style= \"color: #50484;\">Piscina\n\n<h4>PISCINA<\/h4>\n<p>Piscina Privata In funzione dal 01.01 al 31.12 \u2013 dimensioni (mt x mt) forma irregolare area 23,00 mq. Profondit\u00e0 (mt) MIN 1,15 \/ MAX 1,15; depurazione al cloro.<br \/>\n<br \/><strong>Solarium:<\/strong>\u00a0livello mare, attrezzato con ombrelloni e lettini.<\/p>\n\n<p style= \"color: #50484;\">Sala gym\n\n<h4>SALA GYM &amp; WELLNESS<\/h4>\n<p>Sala fitness con tapis roulant, pesi e sala massaggi.<\/p>\n\n<p style= \"color: #50484;\">Parcheggio\n\n<h4>PARCHEGGIO<\/h4>\n<p>Parcheggio privato con posto auto all\u2019interno della propriet\u00e0.<\/p>\n\n<hr>\n\n<p><strong>SERVIZI EXTRA FORNITI DA TERZI OPERATORI<br \/>Servizi disponibili a pagamento<br \/>(da pagare sul posto al fornitore a cura del conduttore)<\/strong><\/p>\n<p>Escursione sull\u2019Etna \u2013 Godfather TOUR (Savoca e Forza D\u2019Agr\u00f2) \u2013 Escursioni in barca \u2013\u00a0 Escursioni subacquee \u00a0\u2013 Escursioni in elicottero \u2013 Escursione alle Isole Eolie \u2013 Guida escursioni \u2013 Transfer aeroporto \u2013 Transfer bagagli \u00a0\u2013 Noleggio auto\u00a0 \u2013\u00a0 Noleggio bici\u00a0 \u2013\u00a0 Noleggio barche\u00a0 \u2013\u00a0 Spiaggia attrezzata \u2013\u00a0 Degustazione di vini e prodotti tipici \u00a0\u2013 Acquisto prodotti dell\u2019azienda (olio, vino, ortaggi, frutta) \u2013 \u00a0\u00a0Buffet di Benvenuto\u00a0 \u2013 Baby-sitter\u00a0 -Personal trainer \u2013 Mini bar \u2013 Pizza party\u00a0 \u2013\u00a0 Lavanderia.<\/p>\n<p><em><strong>Tutti i servizi forniti da terzi, sopra elencati, sono da considerarsi previa verifica e disponibilit\u00e0 al momento dell\u2019arrivo.<\/strong><\/em><\/p>","protected":false},"excerpt":{"rendered":"<p>Informazioni\u00a0Generali Villa Marina dei Greci, via Calcide Eubea 23\/25 \u2013 CAP 98035 \u2013 Giardini Naxos (ME).La Villa viene concessa in locazione esclusivamente per finalit\u00e0 turistiche &#8211; locazione pura priva di&hellip; <a class=\"read-more-link\" href=\"https:\/\/marinadeigreci.it\/it\/info\/\">Leggi di pi\u00f9<\/a><\/p>\n","protected":false},"author":1,"featured_media":0,"parent":0,"menu_order":0,"comment_status":"closed","ping_status":"closed","template":"","meta":{"footnotes":""},"class_list":["post-79","page","type-page","status-publish","hentry"],"yoast_head":"<!-- This site is optimized with the Yoast SEO plugin v27.4 - https:\/\/yoast.com\/product\/yoast-seo-wordpress\/ -->\n<title>Informazioni Generali Villa Marina dei Greci, Giardini Naxos.<\/title>\n<meta name=\"description\" content=\"Informazioni Generali Villa Marina dei Greci, via Calcide Eubea 23\/25 \u2013 CAP 98035 \u2013 Giardini Naxos (ME). La Villa viene concessa in locazione esclusivamente per finalit\u00e0 turistiche \u2013 locazione pura priva di servizi.\" \/>\n<meta name=\"robots\" content=\"index, follow, max-snippet:-1, max-image-preview:large, max-video-preview:-1\" \/>\n<link rel=\"canonical\" href=\"https:\/\/marinadeigreci.it\/it\/info\/\" \/>\n<meta property=\"og:locale\" content=\"it_IT\" \/>\n<meta property=\"og:type\" content=\"article\" \/>\n<meta property=\"og:title\" content=\"Informazioni Generali Villa Marina dei Greci, Giardini Naxos.\" \/>\n<meta property=\"og:description\" content=\"Informazioni Generali Villa Marina dei Greci, via Calcide Eubea 23\/25 \u2013 CAP 98035 \u2013 Giardini Naxos (ME). La Villa viene concessa in locazione esclusivamente per finalit\u00e0 turistiche \u2013 locazione pura priva di servizi.\" \/>\n<meta property=\"og:url\" content=\"https:\/\/marinadeigreci.it\/it\/info\/\" \/>\n<meta property=\"og:site_name\" content=\"Marina dei Greci\" \/>\n<meta property=\"article:publisher\" content=\"https:\/\/www.facebook.com\/MarinadeiGreci\" \/>\n<meta property=\"article:modified_time\" content=\"2018-05-27T21:33:47+00:00\" \/>\n<meta property=\"og:image\" content=\"http:\/\/marinadeigreci.it\/wp-content\/uploads\/2015\/07\/dot.png\" \/>\n<meta name=\"twitter:card\" content=\"summary_large_image\" \/>\n<meta name=\"twitter:label1\" content=\"Tempo di lettura stimato\" \/>\n\t<meta name=\"twitter:data1\" content=\"128 minuti\" \/>\n<script type=\"application\/ld+json\" class=\"yoast-schema-graph\">{\"@context\":\"https:\\\/\\\/schema.org\",\"@graph\":[{\"@type\":\"WebPage\",\"@id\":\"https:\\\/\\\/marinadeigreci.it\\\/it\\\/info\\\/\",\"url\":\"https:\\\/\\\/marinadeigreci.it\\\/it\\\/info\\\/\",\"name\":\"Informazioni Generali Villa Marina dei Greci, Giardini Naxos.\",\"isPartOf\":{\"@id\":\"https:\\\/\\\/marinadeigreci.it\\\/it\\\/#website\"},\"primaryImageOfPage\":{\"@id\":\"https:\\\/\\\/marinadeigreci.it\\\/it\\\/info\\\/#primaryimage\"},\"image\":{\"@id\":\"https:\\\/\\\/marinadeigreci.it\\\/it\\\/info\\\/#primaryimage\"},\"thumbnailUrl\":\"http:\\\/\\\/marinadeigreci.it\\\/wp-content\\\/uploads\\\/2015\\\/07\\\/dot.png\",\"datePublished\":\"2015-07-27T11:24:50+00:00\",\"dateModified\":\"2018-05-27T21:33:47+00:00\",\"description\":\"Informazioni Generali Villa Marina dei Greci, via Calcide Eubea 23\\\/25 \u2013 CAP 98035 \u2013 Giardini Naxos (ME). La Villa viene concessa in locazione esclusivamente per finalit\u00e0 turistiche \u2013 locazione pura priva di servizi.\",\"breadcrumb\":{\"@id\":\"https:\\\/\\\/marinadeigreci.it\\\/it\\\/info\\\/#breadcrumb\"},\"inLanguage\":\"it-IT\",\"potentialAction\":[{\"@type\":\"ReadAction\",\"target\":[\"https:\\\/\\\/marinadeigreci.it\\\/it\\\/info\\\/\"]}]},{\"@type\":\"ImageObject\",\"inLanguage\":\"it-IT\",\"@id\":\"https:\\\/\\\/marinadeigreci.it\\\/it\\\/info\\\/#primaryimage\",\"url\":\"http:\\\/\\\/marinadeigreci.it\\\/wp-content\\\/uploads\\\/2015\\\/07\\\/dot.png\",\"contentUrl\":\"http:\\\/\\\/marinadeigreci.it\\\/wp-content\\\/uploads\\\/2015\\\/07\\\/dot.png\"},{\"@type\":\"BreadcrumbList\",\"@id\":\"https:\\\/\\\/marinadeigreci.it\\\/it\\\/info\\\/#breadcrumb\",\"itemListElement\":[{\"@type\":\"ListItem\",\"position\":1,\"name\":\"Home\",\"item\":\"https:\\\/\\\/marinadeigreci.it\\\/\"},{\"@type\":\"ListItem\",\"position\":2,\"name\":\"Info\"}]},{\"@type\":\"WebSite\",\"@id\":\"https:\\\/\\\/marinadeigreci.it\\\/it\\\/#website\",\"url\":\"https:\\\/\\\/marinadeigreci.it\\\/it\\\/\",\"name\":\"Marina dei Greci\",\"description\":\"Taormina\",\"potentialAction\":[{\"@type\":\"SearchAction\",\"target\":{\"@type\":\"EntryPoint\",\"urlTemplate\":\"https:\\\/\\\/marinadeigreci.it\\\/it\\\/?s={search_term_string}\"},\"query-input\":{\"@type\":\"PropertyValueSpecification\",\"valueRequired\":true,\"valueName\":\"search_term_string\"}}],\"inLanguage\":\"it-IT\"}]}<\/script>\n<!-- \/ Yoast SEO plugin. -->","yoast_head_json":{"title":"Informazioni Generali Villa Marina dei Greci, Giardini Naxos.","description":"Informazioni Generali Villa Marina dei Greci, via Calcide Eubea 23\/25 \u2013 CAP 98035 \u2013 Giardini Naxos (ME). La Villa viene concessa in locazione esclusivamente per finalit\u00e0 turistiche \u2013 locazione pura priva di servizi.","robots":{"index":"index","follow":"follow","max-snippet":"max-snippet:-1","max-image-preview":"max-image-preview:large","max-video-preview":"max-video-preview:-1"},"canonical":"https:\/\/marinadeigreci.it\/it\/info\/","og_locale":"it_IT","og_type":"article","og_title":"Informazioni Generali Villa Marina dei Greci, Giardini Naxos.","og_description":"Informazioni Generali Villa Marina dei Greci, via Calcide Eubea 23\/25 \u2013 CAP 98035 \u2013 Giardini Naxos (ME). La Villa viene concessa in locazione esclusivamente per finalit\u00e0 turistiche \u2013 locazione pura priva di servizi.","og_url":"https:\/\/marinadeigreci.it\/it\/info\/","og_site_name":"Marina dei Greci","article_publisher":"https:\/\/www.facebook.com\/MarinadeiGreci","article_modified_time":"2018-05-27T21:33:47+00:00","og_image":[{"url":"http:\/\/marinadeigreci.it\/wp-content\/uploads\/2015\/07\/dot.png","type":"","width":"","height":""}],"twitter_card":"summary_large_image","twitter_misc":{"Tempo di lettura stimato":"128 minuti"},"schema":{"@context":"https:\/\/schema.org","@graph":[{"@type":"WebPage","@id":"https:\/\/marinadeigreci.it\/it\/info\/","url":"https:\/\/marinadeigreci.it\/it\/info\/","name":"Informazioni Generali Villa Marina dei Greci, Giardini Naxos.","isPartOf":{"@id":"https:\/\/marinadeigreci.it\/it\/#website"},"primaryImageOfPage":{"@id":"https:\/\/marinadeigreci.it\/it\/info\/#primaryimage"},"image":{"@id":"https:\/\/marinadeigreci.it\/it\/info\/#primaryimage"},"thumbnailUrl":"http:\/\/marinadeigreci.it\/wp-content\/uploads\/2015\/07\/dot.png","datePublished":"2015-07-27T11:24:50+00:00","dateModified":"2018-05-27T21:33:47+00:00","description":"Informazioni Generali Villa Marina dei Greci, via Calcide Eubea 23\/25 \u2013 CAP 98035 \u2013 Giardini Naxos (ME). La Villa viene concessa in locazione esclusivamente per finalit\u00e0 turistiche \u2013 locazione pura priva di servizi.","breadcrumb":{"@id":"https:\/\/marinadeigreci.it\/it\/info\/#breadcrumb"},"inLanguage":"it-IT","potentialAction":[{"@type":"ReadAction","target":["https:\/\/marinadeigreci.it\/it\/info\/"]}]},{"@type":"ImageObject","inLanguage":"it-IT","@id":"https:\/\/marinadeigreci.it\/it\/info\/#primaryimage","url":"http:\/\/marinadeigreci.it\/wp-content\/uploads\/2015\/07\/dot.png","contentUrl":"http:\/\/marinadeigreci.it\/wp-content\/uploads\/2015\/07\/dot.png"},{"@type":"BreadcrumbList","@id":"https:\/\/marinadeigreci.it\/it\/info\/#breadcrumb","itemListElement":[{"@type":"ListItem","position":1,"name":"Home","item":"https:\/\/marinadeigreci.it\/"},{"@type":"ListItem","position":2,"name":"Info"}]},{"@type":"WebSite","@id":"https:\/\/marinadeigreci.it\/it\/#website","url":"https:\/\/marinadeigreci.it\/it\/","name":"Marina dei Greci","description":"Taormina","potentialAction":[{"@type":"SearchAction","target":{"@type":"EntryPoint","urlTemplate":"https:\/\/marinadeigreci.it\/it\/?s={search_term_string}"},"query-input":{"@type":"PropertyValueSpecification","valueRequired":true,"valueName":"search_term_string"}}],"inLanguage":"it-IT"}]}},"jetpack_sharing_enabled":true,"jetpack_shortlink":"https:\/\/wp.me\/P9LZKQ-1h","jetpack-related-posts":[{"id":109,"url":"https:\/\/marinadeigreci.it\/it\/locazione\/","url_meta":{"origin":79,"position":0},"title":"Locazione Villa","author":"admin","date":"27 luglio 2015","format":false,"excerpt":"LOCAZIONE MINIMA da 5 a 7 notti, come previsto nelle differenti stagionalit\u00e0. CONTRATTO DI LOCAZIONE PER FINALITA\u2019 TURISTICA\u00a0 La Villa viene concessa in locazione esclusivamente per finalit\u00e0 turistiche \u201cex articolo 1, comma II, lettera c), della legge italiana n.431\/ 98\u201d, per periodi inferiori ai 30 giorni, ed il contratto di\u2026","rel":"","context":"Articolo simile","block_context":{"text":"Articolo simile","link":""},"img":{"alt_text":"","src":"","width":0,"height":0},"classes":[]},{"id":1535,"url":"https:\/\/marinadeigreci.it\/it\/","url_meta":{"origin":79,"position":1},"title":"Home","author":"admin","date":" 9 marzo 2018","format":false,"excerpt":"Luxury Villa A Taormina MARE - MARINA DEI GRECI\u00a0 \u00a0 \u00a0 \u00a0 \u00a0 \u00a0 \u00a0 \u00a0 \u00a0 \u00a0 \u00a0 \u00a0 \u00a0 \u00a0 \u00a0 \u00a0 \u00a0 \u00a0 \u00a0 \u00a0 \u00a0 \u00a0 \u00a0 \u00a0 \u00a0 \u00a0 \u00a0 \u00a0 \u00a0 \u00a0 \u00a0 \u00a0 \u00a0 \u00a0 \u00a0 \u00a0 \u00a0 \u00a0 \u00a0 \u00a0 \u00a0licenza CIR\u2026","rel":"","context":"Articolo simile","block_context":{"text":"Articolo simile","link":""},"img":{"alt_text":"","src":"https:\/\/i0.wp.com\/marinadeigreci.it\/wp-content\/uploads\/2015\/08\/DSC3383.jpg?resize=350%2C200&ssl=1","width":350,"height":200,"srcset":"https:\/\/i0.wp.com\/marinadeigreci.it\/wp-content\/uploads\/2015\/08\/DSC3383.jpg?resize=350%2C200&ssl=1 1x, https:\/\/i0.wp.com\/marinadeigreci.it\/wp-content\/uploads\/2015\/08\/DSC3383.jpg?resize=525%2C300&ssl=1 1.5x, https:\/\/i0.wp.com\/marinadeigreci.it\/wp-content\/uploads\/2015\/08\/DSC3383.jpg?resize=700%2C400&ssl=1 2x, https:\/\/i0.wp.com\/marinadeigreci.it\/wp-content\/uploads\/2015\/08\/DSC3383.jpg?resize=1050%2C600&ssl=1 3x, https:\/\/i0.wp.com\/marinadeigreci.it\/wp-content\/uploads\/2015\/08\/DSC3383.jpg?resize=1400%2C800&ssl=1 4x"},"classes":[]},{"id":970,"url":"https:\/\/marinadeigreci.it\/it\/dove-siamo-svedese-dar-vi-ar\/","url_meta":{"origin":79,"position":2},"title":"Dove Siamo (Svedese: d\u00e4r vi \u00e4r )","author":"admin","date":"17 giugno 2017","format":false,"excerpt":"[vc_row full_width=\"stretch_row_content_no_spaces\"][vc_column][vc_column_text] Marina dei Greci, Via Calcide Eubea 23\/25 98035 - Giardini Naxos (ME). [\/vc_column_text][vc_separator][vc_column_text] Att ta sig dit [\/vc_column_text][\/vc_column][\/vc_row][vc_row][vc_column width=\"1\/2\"][vc_tta_accordion][vc_tta_section i_icon_fontawesome=\"fa fa-car\" add_icon=\"true\" title=\"Med bil\" tab_id=\"1497002075296-f1f92224-28ee\"][vc_column_text]A18 Messina-Catania, avfart vid Giardini Naxos.[\/vc_column_text][\/vc_tta_section][vc_tta_section i_icon_fontawesome=\"fa fa-plane\" add_icon=\"true\" title=\"Med flyg\" tab_id=\"1497002075353-5d23c52b-e2e4\"][vc_column_text]Flygplatsen i Catania Fontana (CTA) \u00e4r den n\u00e4rmaste och bekv\u00e4mt flygplatsen fr\u00e5n Giardini-Naxos.\u2026","rel":"","context":"Articolo simile","block_context":{"text":"Articolo simile","link":""},"img":{"alt_text":"","src":"","width":0,"height":0},"classes":[]},{"id":22,"url":"https:\/\/marinadeigreci.it\/it\/dove-siamo\/","url_meta":{"origin":79,"position":3},"title":"Dove Siamo","author":"admin","date":"22 luglio 2015","format":false,"excerpt":"Dove siamo \u00a0 Marina dei Greci Via Calcide Eubea 23\/25 98035 - Giardini Naxos (ME). Come raggiungerci \u00a0 In automobile Autostrada A18 Messina-Catania, uscita Giardini Naxos. In aereo L'aeroporto di Catania Fontanarossa (CTA) \u00e8 il pi\u00f9 vicino e conveniente aeroporto da Giardini-Naxos. Distante circa 55 km \u00e8 collegato, tramite voli\u2026","rel":"","context":"Articolo simile","block_context":{"text":"Articolo simile","link":""},"img":{"alt_text":"","src":"https:\/\/i0.wp.com\/marinadeigreci.it\/wp-content\/uploads\/2015\/08\/DSC3384-300x200.jpg?resize=350%2C200&ssl=1","width":350,"height":200},"classes":[]},{"id":25,"url":"https:\/\/marinadeigreci.it\/it\/contattaci\/","url_meta":{"origin":79,"position":4},"title":"Contattaci","author":"admin","date":"22 luglio 2015","format":false,"excerpt":"MARINA DEI GRECI, lussuosa villa in affitto a Giardini Naxos, con accesso diretto al mare, piscina e vista mare La villa Marina dei Greci \u00e8 situata a Giardini Naxos, in una zona esclusiva e riservata, ed \u00e8 fornita di accesso diretto a mare. La villa ha uno stile semplice ed\u2026","rel":"","context":"Articolo simile","block_context":{"text":"Articolo simile","link":""},"img":{"alt_text":"","src":"","width":0,"height":0},"classes":[]},{"id":18,"url":"https:\/\/marinadeigreci.it\/it\/marinadeigreci\/","url_meta":{"origin":79,"position":5},"title":"Marina dei Greci","author":"admin","date":"22 luglio 2015","format":false,"excerpt":"\u00a0 Costruita nella seconda met\u00e0 del secolo scorso, la villa fu la residenza estiva della nobildonna Grazia Masaracchio, discendente da Giorgio Castriota Scanderbeg, eroico combattente del 1400. Dotata di grande personalit\u00e0, lei stessa disegn\u00f2 il progetto della villa, incastonata nel golfo dell\u2019antica colonia greca di Naxos, sulle rocce nere che\u2026","rel":"","context":"Articolo simile","block_context":{"text":"Articolo simile","link":""},"img":{"alt_text":"","src":"https:\/\/i0.wp.com\/marinadeigreci.it\/wp-content\/uploads\/2015\/08\/DSC3532.jpg?resize=350%2C200&ssl=1","width":350,"height":200,"srcset":"https:\/\/i0.wp.com\/marinadeigreci.it\/wp-content\/uploads\/2015\/08\/DSC3532.jpg?resize=350%2C200&ssl=1 1x, https:\/\/i0.wp.com\/marinadeigreci.it\/wp-content\/uploads\/2015\/08\/DSC3532.jpg?resize=525%2C300&ssl=1 1.5x, https:\/\/i0.wp.com\/marinadeigreci.it\/wp-content\/uploads\/2015\/08\/DSC3532.jpg?resize=700%2C400&ssl=1 2x, https:\/\/i0.wp.com\/marinadeigreci.it\/wp-content\/uploads\/2015\/08\/DSC3532.jpg?resize=1050%2C600&ssl=1 3x, https:\/\/i0.wp.com\/marinadeigreci.it\/wp-content\/uploads\/2015\/08\/DSC3532.jpg?resize=1400%2C800&ssl=1 4x"},"classes":[]}],"_links":{"self":[{"href":"https:\/\/marinadeigreci.it\/it\/wp-json\/wp\/v2\/pages\/79","targetHints":{"allow":["GET"]}}],"collection":[{"href":"https:\/\/marinadeigreci.it\/it\/wp-json\/wp\/v2\/pages"}],"about":[{"href":"https:\/\/marinadeigreci.it\/it\/wp-json\/wp\/v2\/types\/page"}],"author":[{"embeddable":true,"href":"https:\/\/marinadeigreci.it\/it\/wp-json\/wp\/v2\/users\/1"}],"replies":[{"embeddable":true,"href":"https:\/\/marinadeigreci.it\/it\/wp-json\/wp\/v2\/comments?post=79"}],"version-history":[{"count":304,"href":"https:\/\/marinadeigreci.it\/it\/wp-json\/wp\/v2\/pages\/79\/revisions"}],"predecessor-version":[{"id":1861,"href":"https:\/\/marinadeigreci.it\/it\/wp-json\/wp\/v2\/pages\/79\/revisions\/1861"}],"wp:attachment":[{"href":"https:\/\/marinadeigreci.it\/it\/wp-json\/wp\/v2\/media?parent=79"}],"curies":[{"name":"wp","href":"https:\/\/api.w.org\/{rel}","templated":true}]}}